{"id":1030,"date":"2026-05-05T14:54:31","date_gmt":"2026-05-05T14:54:31","guid":{"rendered":"https:\/\/carecutuning.com\/?post_type=product&#038;p=1030"},"modified":"2026-05-05T14:55:23","modified_gmt":"2026-05-05T14:55:23","slug":"haynespro-autodata-en-ligne-1-an-dabonnement","status":"publish","type":"product","link":"https:\/\/carecutuning.com\/en\/product\/haynespro-autodata-en-ligne-1-an-dabonnement\/","title":{"rendered":"HaynesPro + Autodata EN LIGNE"},"content":{"rendered":"","protected":false},"excerpt":{"rendered":"<p>\ud83d\udd27 Acc\u00e9dez aux manuels de r\u00e9paration PRO<br \/>\n\u27a1\ufe0f HaynesPro + Autodata EN LIGNE \u2013 1 an d\u2019abonnement<br \/>\n\ud83d\ude97 Acc\u00e8s complet \u00e0 HaynesPro + Autodata Online<br \/>\n\ud83d\udcc5 Dur\u00e9e : 12 mois<br \/>\n\u2705 Fonctionnalit\u00e9s :<br \/>\n\u2714\ufe0f Sch\u00e9mas de c\u00e2blage complets<br \/>\n\u2714\ufe0f Donn\u00e9es techniques d\u00e9taill\u00e9es<br \/>\n\u2714\ufe0f Diagnostic professionnel pr\u00e9cis<br \/>\n\u2714\ufe0f Compatible avec toutes les marques \ud83d\ude98<br \/>\n\u26a1 Avantages :<br \/>\n\ud83d\udd25 Gain de temps \u00e9norme en diagnostic<br \/>\n\ud83d\udcbb Acc\u00e8s rapide &amp; facile<br \/>\n\ud83c\udf0d Disponible partout dans le monde<br \/>\n\ud83d\udee0\ufe0f Service inclus :<br \/>\n\ud83d\udda5\ufe0f Configuration \u00e0 distance disponible (via AnyDesk)<br \/>\n\ud83d\udc68\u200d\ud83d\udd27 Assistance professionnelle assur\u00e9e<br \/>\n\ud83d\udc49 WhatsApp : +33 7 56 83 95 65<\/p>","protected":false},"featured_media":1031,"comment_status":"open","ping_status":"closed","template":"","meta":{"neve_meta_sidebar":"","neve_meta_container":"","neve_meta_enable_content_width":"off","neve_meta_content_width":100,"neve_meta_title_alignment":"","neve_meta_author_avatar":"","neve_post_elements_order":"","neve_meta_disable_header":"","neve_meta_disable_footer":"","neve_meta_disable_title":"","_kadence_starter_templates_imported_post":false,"_joinchat":[]},"product_brand":[],"product_cat":[53],"product_tag":[],"class_list":{"0":"post-1030","1":"product","2":"type-product","3":"status-publish","4":"has-post-thumbnail","6":"product_cat-manuels-de-reparation","8":"first","9":"instock","10":"shipping-taxable","11":"purchasable","12":"product-type-simple"},"_links":{"self":[{"href":"https:\/\/carecutuning.com\/en\/wp-json\/wp\/v2\/product\/1030","targetHints":{"allow":["GET"]}}],"collection":[{"href":"https:\/\/carecutuning.com\/en\/wp-json\/wp\/v2\/product"}],"about":[{"href":"https:\/\/carecutuning.com\/en\/wp-json\/wp\/v2\/types\/product"}],"replies":[{"embeddable":true,"href":"https:\/\/carecutuning.com\/en\/wp-json\/wp\/v2\/comments?post=1030"}],"wp:featuredmedia":[{"embeddable":true,"href":"https:\/\/carecutuning.com\/en\/wp-json\/wp\/v2\/media\/1031"}],"wp:attachment":[{"href":"https:\/\/carecutuning.com\/en\/wp-json\/wp\/v2\/media?parent=1030"}],"wp:term":[{"taxonomy":"product_brand","embeddable":true,"href":"https:\/\/carecutuning.com\/en\/wp-json\/wp\/v2\/product_brand?post=1030"},{"taxonomy":"product_cat","embeddable":true,"href":"https:\/\/carecutuning.com\/en\/wp-json\/wp\/v2\/product_cat?post=1030"},{"taxonomy":"product_tag","embeddable":true,"href":"https:\/\/carecutuning.com\/en\/wp-json\/wp\/v2\/product_tag?post=1030"}],"curies":[{"name":"wp","href":"https:\/\/api.w.org\/{rel}","templated":true}]}}