{"id":483,"date":"2026-05-03T03:29:52","date_gmt":"2026-05-03T03:29:52","guid":{"rendered":"https:\/\/carecutuning.com\/?post_type=product&#038;p=483"},"modified":"2026-05-05T00:32:36","modified_gmt":"2026-05-05T00:32:36","slug":"renault-vci3-nouvelle-interface-can-clip","status":"publish","type":"product","link":"https:\/\/carecutuning.com\/en\/product\/renault-vci3-nouvelle-interface-can-clip\/","title":{"rendered":"Renault VCI3 \u2013 Nouvelle Interface Can Clip"},"content":{"rendered":"","protected":false},"excerpt":{"rendered":"<p>\u2728 VCI3 \u2013 Nouvelle Interface Renault CAN Clip (Version V240)<br \/>\n\ud83d\ude80 Interface professionnelle de diagnostic et programmation pour v\u00e9hicules Renault &amp; Dacia<br \/>\n\ud83d\udd27 Fonctions principales :<br \/>\n\u2714\ufe0f Diagnostic complet de tous les syst\u00e8mes \u00e9lectroniques<br \/>\n\u2714\ufe0f Lecture &amp; effacement des d\u00e9fauts (DTC)<br \/>\n\u2714\ufe0f Programmation des calculateurs (ECU)<br \/>\n\u2714\ufe0f Codage &amp; adaptation des modules<br \/>\n\u2714\ufe0f Test des actionneurs (airbag, ABS, moteur\u2026)<br \/>\n\u2714\ufe0f Acc\u00e8s aux informations compl\u00e8tes du v\u00e9hicule<br \/>\n\u2714\ufe0f Diagnostic automatique intelligent<br \/>\n\ud83d\udcbb Logiciels inclus :<br \/>\n\u2714\ufe0f Renault CAN Clip V240 (derni\u00e8re version)<br \/>\n\u2699\ufe0f Compatibilit\u00e9 :<br \/>\n\u2714\ufe0f Renault &amp; Dacia (1994 \u00e0 2025)<br \/>\n\u2714\ufe0f Protocoles :<br \/>\n\u2013 ISO9141 K-Line<br \/>\n\u2013 ISO14230 K-Line<br \/>\n\u2013 CAN ISO15765<br \/>\n\u2013 ISO11898 (CAN \/ DWCAN)<br \/>\n\u2714\ufe0f Connexion : USB + WIFI<br \/>\n\u2714\ufe0f Compatible : Windows 7 \/ 8 \/ 10 \/ 11<br \/>\n\ud83d\udce6 Contenu du pack :<br \/>\n\u2714\ufe0f Interface VCI3 Full Chip<br \/>\n\u2714\ufe0f C\u00e2ble OBD II<br \/>\n\u2714\ufe0f C\u00e2ble USB<br \/>\n\u2714\ufe0f Fash disque<br \/>\n\u2714\ufe0f CD d\u2019installation<\/p>\n<p>\ud83d\udcde Contact WhatsApp : +33756839565<br \/>\n\ud83c\udf0d Livraison internationale disponible<\/p>","protected":false},"featured_media":484,"comment_status":"open","ping_status":"closed","template":"","meta":{"neve_meta_sidebar":"","neve_meta_container":"","neve_meta_enable_content_width":"off","neve_meta_content_width":100,"neve_meta_title_alignment":"","neve_meta_author_avatar":"","neve_post_elements_order":"","neve_meta_disable_header":"","neve_meta_disable_footer":"","neve_meta_disable_title":"","_kadence_starter_templates_imported_post":false,"_joinchat":[]},"product_brand":[],"product_cat":[26],"product_tag":[],"class_list":{"0":"post-483","1":"product","2":"type-product","3":"status-publish","4":"has-post-thumbnail","6":"product_cat-scanner-auto","8":"first","9":"instock","10":"shipping-taxable","11":"purchasable","12":"product-type-simple"},"_links":{"self":[{"href":"https:\/\/carecutuning.com\/en\/wp-json\/wp\/v2\/product\/483","targetHints":{"allow":["GET"]}}],"collection":[{"href":"https:\/\/carecutuning.com\/en\/wp-json\/wp\/v2\/product"}],"about":[{"href":"https:\/\/carecutuning.com\/en\/wp-json\/wp\/v2\/types\/product"}],"replies":[{"embeddable":true,"href":"https:\/\/carecutuning.com\/en\/wp-json\/wp\/v2\/comments?post=483"}],"wp:featuredmedia":[{"embeddable":true,"href":"https:\/\/carecutuning.com\/en\/wp-json\/wp\/v2\/media\/484"}],"wp:attachment":[{"href":"https:\/\/carecutuning.com\/en\/wp-json\/wp\/v2\/media?parent=483"}],"wp:term":[{"taxonomy":"product_brand","embeddable":true,"href":"https:\/\/carecutuning.com\/en\/wp-json\/wp\/v2\/product_brand?post=483"},{"taxonomy":"product_cat","embeddable":true,"href":"https:\/\/carecutuning.com\/en\/wp-json\/wp\/v2\/product_cat?post=483"},{"taxonomy":"product_tag","embeddable":true,"href":"https:\/\/carecutuning.com\/en\/wp-json\/wp\/v2\/product_tag?post=483"}],"curies":[{"name":"wp","href":"https:\/\/api.w.org\/{rel}","templated":true}]}}