{"id":988,"date":"2026-05-05T03:26:12","date_gmt":"2026-05-05T03:26:12","guid":{"rendered":"https:\/\/carecutuning.com\/?post_type=product&#038;p=988"},"modified":"2026-05-05T04:41:53","modified_gmt":"2026-05-05T04:41:53","slug":"iprog-v87-full","status":"publish","type":"product","link":"https:\/\/carecutuning.com\/en\/product\/iprog-v87-full\/","title":{"rendered":"IPROG V87   ( FULL )"},"content":{"rendered":"","protected":false},"excerpt":{"rendered":"<p>\ud83d\udd25 IPROG V87 \u2013 Programmeur Auto Professionnel \ud83d\ude97\ud83d\udcbb<br \/>\n\ud83d\udcaa Outil puissant pour La Reprogrammation compl\u00e8te<br \/>\n\ud83d\udd27 Fonctions principales :<br \/>\n\u2714\ufe0f Correction compteur (KM)<br \/>\n\u2714\ufe0f Airbag (lecture \/ suppression crash)<br \/>\n\u2714\ufe0f Programmation ECU \/ UCH<br \/>\n\u2714\ufe0f IMMO &amp; programmation cl\u00e9s<br \/>\n\u2714\ufe0f Codage &amp; adaptation<br \/>\n\u2714\ufe0f Lecture \/ \u00e9criture EEPROM &amp; MCU<br \/>\n\u26a1 Modes de travail :<br \/>\n\u2714\ufe0f Lecture &amp; \u00e9criture via prise OBD<br \/>\n\u2714\ufe0f Lecture &amp; \u00e9criture en mode BOOT<\/p>\n<p>\u2714\ufe0f Modification KM<br \/>\n\ud83d\udcbb Compatibilit\u00e9 :<br \/>\n\u2714\ufe0f Windows 7 \/ 10 \/ 11<br \/>\n\u2714\ufe0f compatibilit\u00e9 : v\u00e9hicules (Europ\u00e9ens \/ Asiatiques)<br \/>\n\ud83d\udcbf Inclus :<br \/>\n\u2714\ufe0f CD logiciel fourni<br \/>\n\u2714\ufe0f Scripts &amp; calculateurs int\u00e9gr\u00e9s<br \/>\n\u2714\ufe0f Base de donn\u00e9es compl\u00e8te<br \/>\n\ud83d\udcc8 Avantages :<br \/>\n\u2714\ufe0f Interface simple &amp; professionnelle<br \/>\n\u2714\ufe0f Mise \u00e0 jour possible<br \/>\n\u2714\ufe0f Haute pr\u00e9cision &amp; stabilit\u00e9<br \/>\n\u2714\ufe0f Outil utilis\u00e9 par les professionnels<br \/>\n\ud83d\udee0 Service + :<br \/>\n\u2714\ufe0f Service apr\u00e8s-vente disponible<br \/>\n\u2714\ufe0f Assistance installation incluse<br \/>\n\u2714\ufe0f Support technique WhatsApp<br \/>\n\ud83c\udf0d Livraison internationale<br \/>\n\ud83d\udcf2 WhatsApp : +33 7 56 83 95 65<\/p>","protected":false},"featured_media":992,"comment_status":"open","ping_status":"closed","template":"","meta":{"neve_meta_sidebar":"","neve_meta_container":"","neve_meta_enable_content_width":"off","neve_meta_content_width":100,"neve_meta_title_alignment":"","neve_meta_author_avatar":"","neve_post_elements_order":"","neve_meta_disable_header":"","neve_meta_disable_footer":"","neve_meta_disable_title":"","_kadence_starter_templates_imported_post":false,"_joinchat":[]},"product_brand":[],"product_cat":[28],"product_tag":[],"class_list":{"0":"post-988","1":"product","2":"type-product","3":"status-publish","4":"has-post-thumbnail","6":"product_cat-programmeur-auto","8":"first","9":"instock","10":"shipping-taxable","11":"purchasable","12":"product-type-simple"},"_links":{"self":[{"href":"https:\/\/carecutuning.com\/en\/wp-json\/wp\/v2\/product\/988","targetHints":{"allow":["GET"]}}],"collection":[{"href":"https:\/\/carecutuning.com\/en\/wp-json\/wp\/v2\/product"}],"about":[{"href":"https:\/\/carecutuning.com\/en\/wp-json\/wp\/v2\/types\/product"}],"replies":[{"embeddable":true,"href":"https:\/\/carecutuning.com\/en\/wp-json\/wp\/v2\/comments?post=988"}],"wp:featuredmedia":[{"embeddable":true,"href":"https:\/\/carecutuning.com\/en\/wp-json\/wp\/v2\/media\/992"}],"wp:attachment":[{"href":"https:\/\/carecutuning.com\/en\/wp-json\/wp\/v2\/media?parent=988"}],"wp:term":[{"taxonomy":"product_brand","embeddable":true,"href":"https:\/\/carecutuning.com\/en\/wp-json\/wp\/v2\/product_brand?post=988"},{"taxonomy":"product_cat","embeddable":true,"href":"https:\/\/carecutuning.com\/en\/wp-json\/wp\/v2\/product_cat?post=988"},{"taxonomy":"product_tag","embeddable":true,"href":"https:\/\/carecutuning.com\/en\/wp-json\/wp\/v2\/product_tag?post=988"}],"curies":[{"name":"wp","href":"https:\/\/api.w.org\/{rel}","templated":true}]}}